{"id":5331,"date":"2022-06-28T12:02:30","date_gmt":"2022-06-28T10:02:30","guid":{"rendered":"https:\/\/marketplace-uni.com\/?page_id=5331"},"modified":"2022-07-05T16:39:19","modified_gmt":"2022-07-05T14:39:19","slug":"course-overview","status":"publish","type":"page","link":"https:\/\/marketplace-uni.com\/en\/kursuebersicht\/","title":{"rendered":"Course overview"},"content":{"rendered":"<div data-elementor-type=\"wp-page\" data-elementor-id=\"5331\" class=\"elementor elementor-5331\">\n\t\t\t\t\t\t<section class=\"elementor-section elementor-top-section elementor-element elementor-element-b1b8c8f elementor-section-boxed elementor-section-height-default elementor-section-height-default\" data-id=\"b1b8c8f\" data-element_type=\"section\" data-e-type=\"section\">\n\t\t\t\t\t\t<div class=\"elementor-container elementor-column-gap-default\">\n\t\t\t\t\t<div class=\"elementor-column elementor-col-50 elementor-top-column elementor-element elementor-element-30f2ad3\" data-id=\"30f2ad3\" data-element_type=\"column\" data-e-type=\"column\" data-settings=\"{&quot;background_background&quot;:&quot;gradient&quot;}\">\n\t\t\t<div class=\"elementor-widget-wrap elementor-element-populated\">\n\t\t\t\t\t\t<div class=\"elementor-element elementor-element-db1f62a elementor-widget elementor-widget-heading\" data-id=\"db1f62a\" data-element_type=\"widget\" data-e-type=\"widget\" data-widget_type=\"heading.default\">\n\t\t\t\t<div class=\"elementor-widget-container\">\n\t\t\t\t\t<h2 class=\"elementor-heading-title elementor-size-default\">FOR BRANDS &amp; MANUFACTURERS<\/h2>\t\t\t\t<\/div>\n\t\t\t\t<\/div>\n\t\t\t\t<div class=\"elementor-element elementor-element-8d89fcd elementor-widget elementor-widget-heading\" data-id=\"8d89fcd\" data-element_type=\"widget\" data-e-type=\"widget\" data-widget_type=\"heading.default\">\n\t\t\t\t<div class=\"elementor-widget-container\">\n\t\t\t\t\t<h2 class=\"elementor-heading-title elementor-size-default\">ON MARKETPLACES <\/h2>\t\t\t\t<\/div>\n\t\t\t\t<\/div>\n\t\t\t\t<div class=\"elementor-element elementor-element-4f493c6 elementor-widget elementor-widget-text-editor\" data-id=\"4f493c6\" data-element_type=\"widget\" data-e-type=\"widget\" data-widget_type=\"text-editor.default\">\n\t\t\t\t<div class=\"elementor-widget-container\">\n\t\t\t\t\t\t\t\t\t<p>Learn from our courses for brands and producers how to boost your sales on European marketplaces and finally gain more visibility.\u00a0<\/p>\t\t\t\t\t\t\t\t<\/div>\n\t\t\t\t<\/div>\n\t\t\t\t<div class=\"elementor-element elementor-element-2eadaf4 elementor-align-center elementor-widget elementor-widget-button\" data-id=\"2eadaf4\" data-element_type=\"widget\" data-e-type=\"widget\" data-widget_type=\"button.default\">\n\t\t\t\t<div class=\"elementor-widget-container\">\n\t\t\t\t\t\t\t\t\t<div class=\"elementor-button-wrapper\">\n\t\t\t\t\t<a class=\"elementor-button elementor-button-link elementor-size-xs\" href=\"https:\/\/marketplace-uni.com\/en\/courses\/\">\n\t\t\t\t\t\t<span class=\"elementor-button-content-wrapper\">\n\t\t\t\t\t\t\t\t\t<span class=\"elementor-button-text\">GO TO COURSES<\/span>\n\t\t\t\t\t<\/span>\n\t\t\t\t\t<\/a>\n\t\t\t\t<\/div>\n\t\t\t\t\t\t\t\t<\/div>\n\t\t\t\t<\/div>\n\t\t\t\t\t<\/div>\n\t\t<\/div>\n\t\t\t\t<div class=\"elementor-column elementor-col-50 elementor-top-column elementor-element elementor-element-afdc5f2\" data-id=\"afdc5f2\" data-element_type=\"column\" data-e-type=\"column\" data-settings=\"{&quot;background_background&quot;:&quot;gradient&quot;}\">\n\t\t\t<div class=\"elementor-widget-wrap elementor-element-populated\">\n\t\t\t\t\t\t<div class=\"elementor-element elementor-element-b9a10b7 elementor-widget elementor-widget-heading\" data-id=\"b9a10b7\" data-element_type=\"widget\" data-e-type=\"widget\" data-widget_type=\"heading.default\">\n\t\t\t\t<div class=\"elementor-widget-container\">\n\t\t\t\t\t<h2 class=\"elementor-heading-title elementor-size-default\">FOR EMPLOYEES &amp; SERVICE PROVIDERS<\/h2>\t\t\t\t<\/div>\n\t\t\t\t<\/div>\n\t\t\t\t<div class=\"elementor-element elementor-element-78f8425 elementor-widget elementor-widget-heading\" data-id=\"78f8425\" data-element_type=\"widget\" data-e-type=\"widget\" data-widget_type=\"heading.default\">\n\t\t\t\t<div class=\"elementor-widget-container\">\n\t\t\t\t\t<h2 class=\"elementor-heading-title elementor-size-default\">OF MARKETPLACES <\/h2>\t\t\t\t<\/div>\n\t\t\t\t<\/div>\n\t\t\t\t<div class=\"elementor-element elementor-element-454b7aa elementor-widget elementor-widget-text-editor\" data-id=\"454b7aa\" data-element_type=\"widget\" data-e-type=\"widget\" data-widget_type=\"text-editor.default\">\n\t\t\t\t<div class=\"elementor-widget-container\">\n\t\t\t\t\t\t\t\t\t<p>Learn in our course for marketplace staff and service providers how to better understand brands that are present on marketplaces, make them happier and ultimately help you all to generate more sales.<\/p>\t\t\t\t\t\t\t\t<\/div>\n\t\t\t\t<\/div>\n\t\t\t\t<div class=\"elementor-element elementor-element-d874544 elementor-align-center elementor-widget elementor-widget-button\" data-id=\"d874544\" data-element_type=\"widget\" data-e-type=\"widget\" data-widget_type=\"button.default\">\n\t\t\t\t<div class=\"elementor-widget-container\">\n\t\t\t\t\t\t\t\t\t<div class=\"elementor-button-wrapper\">\n\t\t\t\t\t<a class=\"elementor-button elementor-button-link elementor-size-xs\" href=\"https:\/\/marketplace-uni.com\/en\/marketplace-insider-training\/\">\n\t\t\t\t\t\t<span class=\"elementor-button-content-wrapper\">\n\t\t\t\t\t\t\t\t\t<span class=\"elementor-button-text\">GO TO COURSE<\/span>\n\t\t\t\t\t<\/span>\n\t\t\t\t\t<\/a>\n\t\t\t\t<\/div>\n\t\t\t\t\t\t\t\t<\/div>\n\t\t\t\t<\/div>\n\t\t\t\t\t<\/div>\n\t\t<\/div>\n\t\t\t\t\t<\/div>\n\t\t<\/section>\n\t\t\t\t<\/div>","protected":false},"excerpt":{"rendered":"<p>F\u00dcR BRANDS &#038; HERSTELLER AUF MARKTPL\u00c4TZEN Lerne in unseren Kursen f\u00fcr Marken und Hersteller, wie ihr eure Sales auf europ\u00e4ischen Marktpl\u00e4tzen ankurbelt und endlich mehr Sichtbarkeit erlangt.\u00a0 ZU DEN KURSEN F\u00dcR MITARBEITER &#038; DIENSTLEISTER VON MARKTPL\u00c4TZEN Erfahre in unserem Kurs f\u00fcr Mitarbeiter und Dienstleister von Marktpl\u00e4tzen, wie du Marken auf Marktpl\u00e4tzen besser verstehst, sie gl\u00fccklicher [&hellip;]<\/p>\n","protected":false},"author":1,"featured_media":5427,"parent":0,"menu_order":0,"comment_status":"closed","ping_status":"closed","template":"","meta":{"site-sidebar-layout":"no-sidebar","site-content-layout":"page-builder","ast-site-content-layout":"default","site-content-style":"default","site-sidebar-style":"default","ast-global-header-display":"","ast-banner-title-visibility":"","ast-main-header-display":"","ast-hfb-above-header-display":"","ast-hfb-below-header-display":"","ast-hfb-mobile-header-display":"","site-post-title":"disabled","ast-breadcrumbs-content":"","ast-featured-img":"disabled","footer-sml-layout":"","ast-disable-related-posts":"","theme-transparent-header-meta":"","adv-header-id-meta":"","stick-header-meta":"","header-above-stick-meta":"","header-main-stick-meta":"","header-below-stick-meta":"","astra-migrate-meta-layouts":"default","ast-page-background-enabled":"default","ast-page-background-meta":{"desktop":{"background-color":"","background-image":"","background-repeat":"repeat","background-position":"center center","background-size":"auto","background-attachment":"scroll","background-type":"","background-media":"","overlay-type":"","overlay-color":"","overlay-opacity":"","overlay-gradient":""},"tablet":{"background-color":"","background-image":"","background-repeat":"repeat","background-position":"center center","background-size":"auto","background-attachment":"scroll","background-type":"","background-media":"","overlay-type":"","overlay-color":"","overlay-opacity":"","overlay-gradient":""},"mobile":{"background-color":"","background-image":"","background-repeat":"repeat","background-position":"center center","background-size":"auto","background-attachment":"scroll","background-type":"","background-media":"","overlay-type":"","overlay-color":"","overlay-opacity":"","overlay-gradient":""}},"ast-content-background-meta":{"desktop":{"background-color":"var(--ast-global-color-5)","background-image":"","background-repeat":"repeat","background-position":"center center","background-size":"auto","background-attachment":"scroll","background-type":"","background-media":"","overlay-type":"","overlay-color":"","overlay-opacity":"","overlay-gradient":""},"tablet":{"background-color":"var(--ast-global-color-5)","background-image":"","background-repeat":"repeat","background-position":"center center","background-size":"auto","background-attachment":"scroll","background-type":"","background-media":"","overlay-type":"","overlay-color":"","overlay-opacity":"","overlay-gradient":""},"mobile":{"background-color":"var(--ast-global-color-5)","background-image":"","background-repeat":"repeat","background-position":"center center","background-size":"auto","background-attachment":"scroll","background-type":"","background-media":"","overlay-type":"","overlay-color":"","overlay-opacity":"","overlay-gradient":""}},"footnotes":""},"class_list":["post-5331","page","type-page","status-publish","has-post-thumbnail","hentry"],"yoast_head":"<!-- This site is optimized with the Yoast SEO plugin v27.4 - https:\/\/yoast.com\/product\/yoast-seo-wordpress\/ -->\n<title>Kurs\u00fcbersicht - Marketplace Manager Training<\/title>\n<meta name=\"description\" content=\"Schreib dich jetzt f\u00fcr eines unserer Marketplace Uni Trainingsprogramme ein und erhalte Marktplatz-Wissen, das so am Markt nicht verf\u00fcgbar ...\" \/>\n<meta name=\"robots\" content=\"index, follow, max-snippet:-1, max-image-preview:large, max-video-preview:-1\" \/>\n<link rel=\"canonical\" href=\"https:\/\/marketplace-uni.com\/en\/course-overview\/\" \/>\n<meta property=\"og:locale\" content=\"en_GB\" \/>\n<meta property=\"og:type\" content=\"article\" \/>\n<meta property=\"og:title\" content=\"Kurs\u00fcbersicht - Marketplace Manager Training\" \/>\n<meta property=\"og:description\" content=\"Schreib dich jetzt f\u00fcr eines unserer Marketplace Uni Trainingsprogramme ein und erhalte Marktplatz-Wissen, das so am Markt nicht verf\u00fcgbar ...\" \/>\n<meta property=\"og:url\" content=\"https:\/\/marketplace-uni.com\/en\/course-overview\/\" \/>\n<meta property=\"og:site_name\" content=\"Marketplace Manager Training\" \/>\n<meta property=\"article:modified_time\" content=\"2022-07-05T14:39:19+00:00\" \/>\n<meta property=\"og:image\" content=\"https:\/\/marketplace-uni.com\/wp-content\/uploads\/2022\/06\/Marketplace-Uni-Kursuebersicht.jpg\" \/>\n\t<meta property=\"og:image:width\" content=\"900\" \/>\n\t<meta property=\"og:image:height\" content=\"600\" \/>\n\t<meta property=\"og:image:type\" content=\"image\/jpeg\" \/>\n<meta name=\"twitter:card\" content=\"summary_large_image\" \/>\n<meta name=\"twitter:image\" content=\"https:\/\/marketplace-uni.com\/wp-content\/uploads\/2022\/06\/Marketplace-Uni-Kursuebersicht.jpg\" \/>\n<meta name=\"twitter:label1\" content=\"Estimated reading time\" \/>\n\t<meta name=\"twitter:data1\" content=\"1 minute\" \/>\n<script type=\"application\/ld+json\" class=\"yoast-schema-graph\">{\"@context\":\"https:\\\/\\\/schema.org\",\"@graph\":[{\"@type\":\"WebPage\",\"@id\":\"https:\\\/\\\/marketplace-uni.com\\\/kursuebersicht\\\/\",\"url\":\"https:\\\/\\\/marketplace-uni.com\\\/kursuebersicht\\\/\",\"name\":\"Kurs\u00fcbersicht - Marketplace Manager Training\",\"isPartOf\":{\"@id\":\"https:\\\/\\\/marketplace-uni.com\\\/#website\"},\"primaryImageOfPage\":{\"@id\":\"https:\\\/\\\/marketplace-uni.com\\\/kursuebersicht\\\/#primaryimage\"},\"image\":{\"@id\":\"https:\\\/\\\/marketplace-uni.com\\\/kursuebersicht\\\/#primaryimage\"},\"thumbnailUrl\":\"https:\\\/\\\/marketplace-uni.com\\\/wp-content\\\/uploads\\\/2022\\\/06\\\/Marketplace-Uni-Kursuebersicht.jpg\",\"datePublished\":\"2022-06-28T10:02:30+00:00\",\"dateModified\":\"2022-07-05T14:39:19+00:00\",\"description\":\"Schreib dich jetzt f\u00fcr eines unserer Marketplace Uni Trainingsprogramme ein und erhalte Marktplatz-Wissen, das so am Markt nicht verf\u00fcgbar ...\",\"breadcrumb\":{\"@id\":\"https:\\\/\\\/marketplace-uni.com\\\/kursuebersicht\\\/#breadcrumb\"},\"inLanguage\":\"en-GB\",\"potentialAction\":[{\"@type\":\"ReadAction\",\"target\":[\"https:\\\/\\\/marketplace-uni.com\\\/kursuebersicht\\\/\"]}]},{\"@type\":\"ImageObject\",\"inLanguage\":\"en-GB\",\"@id\":\"https:\\\/\\\/marketplace-uni.com\\\/kursuebersicht\\\/#primaryimage\",\"url\":\"https:\\\/\\\/marketplace-uni.com\\\/wp-content\\\/uploads\\\/2022\\\/06\\\/Marketplace-Uni-Kursuebersicht.jpg\",\"contentUrl\":\"https:\\\/\\\/marketplace-uni.com\\\/wp-content\\\/uploads\\\/2022\\\/06\\\/Marketplace-Uni-Kursuebersicht.jpg\",\"width\":900,\"height\":600,\"caption\":\"Marketplace Uni Kurs\u00fcbersicht\"},{\"@type\":\"BreadcrumbList\",\"@id\":\"https:\\\/\\\/marketplace-uni.com\\\/kursuebersicht\\\/#breadcrumb\",\"itemListElement\":[{\"@type\":\"ListItem\",\"position\":1,\"name\":\"Startseite\",\"item\":\"https:\\\/\\\/marketplace-uni.com\\\/\"},{\"@type\":\"ListItem\",\"position\":2,\"name\":\"Kurs\u00fcbersicht\"}]},{\"@type\":\"WebSite\",\"@id\":\"https:\\\/\\\/marketplace-uni.com\\\/#website\",\"url\":\"https:\\\/\\\/marketplace-uni.com\\\/\",\"name\":\"Marketplace Manager Training\",\"description\":\"Marketplace Uni\",\"publisher\":{\"@id\":\"https:\\\/\\\/marketplace-uni.com\\\/#organization\"},\"potentialAction\":[{\"@type\":\"SearchAction\",\"target\":{\"@type\":\"EntryPoint\",\"urlTemplate\":\"https:\\\/\\\/marketplace-uni.com\\\/?s={search_term_string}\"},\"query-input\":{\"@type\":\"PropertyValueSpecification\",\"valueRequired\":true,\"valueName\":\"search_term_string\"}}],\"inLanguage\":\"en-GB\"},{\"@type\":\"Organization\",\"@id\":\"https:\\\/\\\/marketplace-uni.com\\\/#organization\",\"name\":\"Marketplace Uni\",\"url\":\"https:\\\/\\\/marketplace-uni.com\\\/\",\"logo\":{\"@type\":\"ImageObject\",\"inLanguage\":\"en-GB\",\"@id\":\"https:\\\/\\\/marketplace-uni.com\\\/#\\\/schema\\\/logo\\\/image\\\/\",\"url\":\"https:\\\/\\\/marketplace-uni.com\\\/wp-content\\\/uploads\\\/2020\\\/12\\\/Marketplace-Uni_Big-1.svg\",\"contentUrl\":\"https:\\\/\\\/marketplace-uni.com\\\/wp-content\\\/uploads\\\/2020\\\/12\\\/Marketplace-Uni_Big-1.svg\",\"width\":1081,\"height\":360,\"caption\":\"Marketplace Uni\"},\"image\":{\"@id\":\"https:\\\/\\\/marketplace-uni.com\\\/#\\\/schema\\\/logo\\\/image\\\/\"},\"sameAs\":[\"https:\\\/\\\/www.linkedin.com\\\/in\\\/valerie-dichtl\\\/\"]}]}<\/script>\n<!-- \/ Yoast SEO plugin. -->","yoast_head_json":{"title":"Course Overview - Marketplace Manager Training","description":"Sign up now for one of our Marketplace Uni training courses and get Marketplace knowledge that is not available on the ...","robots":{"index":"index","follow":"follow","max-snippet":"max-snippet:-1","max-image-preview":"max-image-preview:large","max-video-preview":"max-video-preview:-1"},"canonical":"https:\/\/marketplace-uni.com\/en\/course-overview\/","og_locale":"en_GB","og_type":"article","og_title":"Kurs\u00fcbersicht - Marketplace Manager Training","og_description":"Schreib dich jetzt f\u00fcr eines unserer Marketplace Uni Trainingsprogramme ein und erhalte Marktplatz-Wissen, das so am Markt nicht verf\u00fcgbar ...","og_url":"https:\/\/marketplace-uni.com\/en\/course-overview\/","og_site_name":"Marketplace Manager Training","article_modified_time":"2022-07-05T14:39:19+00:00","og_image":[{"width":900,"height":600,"url":"https:\/\/marketplace-uni.com\/wp-content\/uploads\/2022\/06\/Marketplace-Uni-Kursuebersicht.jpg","type":"image\/jpeg"}],"twitter_card":"summary_large_image","twitter_image":"https:\/\/marketplace-uni.com\/wp-content\/uploads\/2022\/06\/Marketplace-Uni-Kursuebersicht.jpg","twitter_misc":{"Estimated reading time":"1 minute"},"schema":{"@context":"https:\/\/schema.org","@graph":[{"@type":"WebPage","@id":"https:\/\/marketplace-uni.com\/kursuebersicht\/","url":"https:\/\/marketplace-uni.com\/kursuebersicht\/","name":"Course Overview - Marketplace Manager Training","isPartOf":{"@id":"https:\/\/marketplace-uni.com\/#website"},"primaryImageOfPage":{"@id":"https:\/\/marketplace-uni.com\/kursuebersicht\/#primaryimage"},"image":{"@id":"https:\/\/marketplace-uni.com\/kursuebersicht\/#primaryimage"},"thumbnailUrl":"https:\/\/marketplace-uni.com\/wp-content\/uploads\/2022\/06\/Marketplace-Uni-Kursuebersicht.jpg","datePublished":"2022-06-28T10:02:30+00:00","dateModified":"2022-07-05T14:39:19+00:00","description":"Sign up now for one of our Marketplace Uni training courses and get Marketplace knowledge that is not available on the ...","breadcrumb":{"@id":"https:\/\/marketplace-uni.com\/kursuebersicht\/#breadcrumb"},"inLanguage":"en-GB","potentialAction":[{"@type":"ReadAction","target":["https:\/\/marketplace-uni.com\/kursuebersicht\/"]}]},{"@type":"ImageObject","inLanguage":"en-GB","@id":"https:\/\/marketplace-uni.com\/kursuebersicht\/#primaryimage","url":"https:\/\/marketplace-uni.com\/wp-content\/uploads\/2022\/06\/Marketplace-Uni-Kursuebersicht.jpg","contentUrl":"https:\/\/marketplace-uni.com\/wp-content\/uploads\/2022\/06\/Marketplace-Uni-Kursuebersicht.jpg","width":900,"height":600,"caption":"Marketplace Uni Kurs\u00fcbersicht"},{"@type":"BreadcrumbList","@id":"https:\/\/marketplace-uni.com\/kursuebersicht\/#breadcrumb","itemListElement":[{"@type":"ListItem","position":1,"name":"Startseite","item":"https:\/\/marketplace-uni.com\/"},{"@type":"ListItem","position":2,"name":"Kurs\u00fcbersicht"}]},{"@type":"WebSite","@id":"https:\/\/marketplace-uni.com\/#website","url":"https:\/\/marketplace-uni.com\/","name":"Marketplace Manager Training","description":"Marketplace Uni","publisher":{"@id":"https:\/\/marketplace-uni.com\/#organization"},"potentialAction":[{"@type":"SearchAction","target":{"@type":"EntryPoint","urlTemplate":"https:\/\/marketplace-uni.com\/?s={search_term_string}"},"query-input":{"@type":"PropertyValueSpecification","valueRequired":true,"valueName":"search_term_string"}}],"inLanguage":"en-GB"},{"@type":"Organization","@id":"https:\/\/marketplace-uni.com\/#organization","name":"Marketplace Uni","url":"https:\/\/marketplace-uni.com\/","logo":{"@type":"ImageObject","inLanguage":"en-GB","@id":"https:\/\/marketplace-uni.com\/#\/schema\/logo\/image\/","url":"https:\/\/marketplace-uni.com\/wp-content\/uploads\/2020\/12\/Marketplace-Uni_Big-1.svg","contentUrl":"https:\/\/marketplace-uni.com\/wp-content\/uploads\/2020\/12\/Marketplace-Uni_Big-1.svg","width":1081,"height":360,"caption":"Marketplace Uni"},"image":{"@id":"https:\/\/marketplace-uni.com\/#\/schema\/logo\/image\/"},"sameAs":["https:\/\/www.linkedin.com\/in\/valerie-dichtl\/"]}]}},"_links":{"self":[{"href":"https:\/\/marketplace-uni.com\/en\/wp-json\/wp\/v2\/pages\/5331","targetHints":{"allow":["GET"]}}],"collection":[{"href":"https:\/\/marketplace-uni.com\/en\/wp-json\/wp\/v2\/pages"}],"about":[{"href":"https:\/\/marketplace-uni.com\/en\/wp-json\/wp\/v2\/types\/page"}],"author":[{"embeddable":true,"href":"https:\/\/marketplace-uni.com\/en\/wp-json\/wp\/v2\/users\/1"}],"replies":[{"embeddable":true,"href":"https:\/\/marketplace-uni.com\/en\/wp-json\/wp\/v2\/comments?post=5331"}],"version-history":[{"count":10,"href":"https:\/\/marketplace-uni.com\/en\/wp-json\/wp\/v2\/pages\/5331\/revisions"}],"predecessor-version":[{"id":5479,"href":"https:\/\/marketplace-uni.com\/en\/wp-json\/wp\/v2\/pages\/5331\/revisions\/5479"}],"wp:featuredmedia":[{"embeddable":true,"href":"https:\/\/marketplace-uni.com\/en\/wp-json\/wp\/v2\/media\/5427"}],"wp:attachment":[{"href":"https:\/\/marketplace-uni.com\/en\/wp-json\/wp\/v2\/media?parent=5331"}],"curies":[{"name":"wp","href":"https:\/\/api.w.org\/{rel}","templated":true}]}}