{"id":1380,"date":"2021-03-09T10:49:07","date_gmt":"2021-03-09T09:49:07","guid":{"rendered":"https:\/\/marketplace-uni.com\/?page_id=1380"},"modified":"2022-07-05T16:35:24","modified_gmt":"2022-07-05T14:35:24","slug":"courses","status":"publish","type":"page","link":"https:\/\/marketplace-uni.com\/en\/programme\/","title":{"rendered":"Programs"},"content":{"rendered":"<div data-elementor-type=\"wp-page\" data-elementor-id=\"1380\" class=\"elementor elementor-1380\">\n\t\t\t\t\t\t<section class=\"elementor-section elementor-top-section elementor-element elementor-element-7f49291 elementor-section-boxed elementor-section-height-default elementor-section-height-default\" data-id=\"7f49291\" data-element_type=\"section\" data-e-type=\"section\" data-settings=\"{&quot;background_background&quot;:&quot;classic&quot;}\">\n\t\t\t\t\t\t<div class=\"elementor-container elementor-column-gap-default\">\n\t\t\t\t\t<div class=\"elementor-column elementor-col-100 elementor-top-column elementor-element elementor-element-c57b615\" data-id=\"c57b615\" data-element_type=\"column\" data-e-type=\"column\">\n\t\t\t<div class=\"elementor-widget-wrap elementor-element-populated\">\n\t\t\t\t\t\t<div class=\"elementor-element elementor-element-f8a0f88 elementor-widget elementor-widget-heading\" data-id=\"f8a0f88\" data-element_type=\"widget\" data-e-type=\"widget\" data-widget_type=\"heading.default\">\n\t\t\t\t<div class=\"elementor-widget-container\">\n\t\t\t\t\t<h2 class=\"elementor-heading-title elementor-size-default\">MARKETPLACE COURSES FOR BRANDS AND PRODUCERS<\/h2>\t\t\t\t<\/div>\n\t\t\t\t<\/div>\n\t\t\t\t<div class=\"elementor-element elementor-element-fb366b8 elementor--star-style-star_unicode elementor-star-rating--align-center elementor-widget elementor-widget-star-rating\" data-id=\"fb366b8\" data-element_type=\"widget\" data-e-type=\"widget\" data-widget_type=\"star-rating.default\">\n\t\t\t\t<div class=\"elementor-widget-container\">\n\t\t\t\t\t\t\t<div class=\"elementor-star-rating__wrapper\">\n\t\t\t\t\t\t<div class=\"elementor-star-rating\" itemtype=\"http:\/\/schema.org\/Rating\" itemscope=\"\" itemprop=\"reviewRating\">\n\t\t\t\t<i class=\"elementor-star-full\" aria-hidden=\"true\">\u2605<\/i><i class=\"elementor-star-full\" aria-hidden=\"true\">\u2605<\/i><i class=\"elementor-star-full\" aria-hidden=\"true\">\u2605<\/i><i class=\"elementor-star-full\" aria-hidden=\"true\">\u2605<\/i><i class=\"elementor-star-full\" aria-hidden=\"true\">\u2605<\/i>\t\t\t\t<span itemprop=\"ratingValue\" class=\"elementor-screen-only\">Rated 5 out of 5<\/span>\n\t\t\t<\/div>\n\t\t<\/div>\n\t\t\t\t\t\t<\/div>\n\t\t\t\t<\/div>\n\t\t\t\t<section class=\"elementor-section elementor-inner-section elementor-element elementor-element-dbd4a1b elementor-section-content-space-between elementor-section-boxed elementor-section-height-default elementor-section-height-default\" data-id=\"dbd4a1b\" data-element_type=\"section\" data-e-type=\"section\">\n\t\t\t\t\t\t<div class=\"elementor-container elementor-column-gap-default\">\n\t\t\t\t\t<div class=\"elementor-column elementor-col-33 elementor-inner-column elementor-element elementor-element-7e084d3\" data-id=\"7e084d3\" data-element_type=\"column\" data-e-type=\"column\" data-settings=\"{&quot;background_background&quot;:&quot;gradient&quot;}\">\n\t\t\t<div class=\"elementor-widget-wrap elementor-element-populated\">\n\t\t\t\t\t\t<div class=\"elementor-element elementor-element-7cfb4c6 elementor-view-default elementor-widget elementor-widget-icon\" data-id=\"7cfb4c6\" data-element_type=\"widget\" data-e-type=\"widget\" data-widget_type=\"icon.default\">\n\t\t\t\t<div class=\"elementor-widget-container\">\n\t\t\t\t\t\t\t<div class=\"elementor-icon-wrapper\">\n\t\t\t<div class=\"elementor-icon\">\n\t\t\t<i aria-hidden=\"true\" class=\"fas fa-charging-station\"><\/i>\t\t\t<\/div>\n\t\t<\/div>\n\t\t\t\t\t\t<\/div>\n\t\t\t\t<\/div>\n\t\t\t\t<div class=\"elementor-element elementor-element-31359c6 elementor-widget elementor-widget-heading\" data-id=\"31359c6\" data-element_type=\"widget\" data-e-type=\"widget\" data-widget_type=\"heading.default\">\n\t\t\t\t<div class=\"elementor-widget-container\">\n\t\t\t\t\t<h2 class=\"elementor-heading-title elementor-size-default\">TRAINING COURSE<\/h2>\t\t\t\t<\/div>\n\t\t\t\t<\/div>\n\t\t\t\t<div class=\"elementor-element elementor-element-7eb7886 elementor-widget elementor-widget-heading\" data-id=\"7eb7886\" data-element_type=\"widget\" data-e-type=\"widget\" data-widget_type=\"heading.default\">\n\t\t\t\t<div class=\"elementor-widget-container\">\n\t\t\t\t\t<h2 class=\"elementor-heading-title elementor-size-default\">MARKETPLACE MANAGER<\/h2>\t\t\t\t<\/div>\n\t\t\t\t<\/div>\n\t\t\t\t<div class=\"elementor-element elementor-element-b67697f elementor-widget elementor-widget-text-editor\" data-id=\"b67697f\" data-element_type=\"widget\" data-e-type=\"widget\" data-widget_type=\"text-editor.default\">\n\t\t\t\t<div class=\"elementor-widget-container\">\n\t\t\t\t\t\t\t\t\t<p>Develop your marketplace strategy and learn how to best sell through online marketplaces. Our 2-month training for fashion and sports brands entering the marketplace business.<\/p>\t\t\t\t\t\t\t\t<\/div>\n\t\t\t\t<\/div>\n\t\t\t\t<div class=\"elementor-element elementor-element-08e0458 elementor-align-center elementor-widget elementor-widget-button\" data-id=\"08e0458\" data-element_type=\"widget\" data-e-type=\"widget\" data-widget_type=\"button.default\">\n\t\t\t\t<div class=\"elementor-widget-container\">\n\t\t\t\t\t\t\t\t\t<div class=\"elementor-button-wrapper\">\n\t\t\t\t\t<a class=\"elementor-button elementor-button-link elementor-size-xs\" href=\"https:\/\/marketplace-uni.com\/en\/marketplace-manager-starter\/\">\n\t\t\t\t\t\t<span class=\"elementor-button-content-wrapper\">\n\t\t\t\t\t\t\t\t\t<span class=\"elementor-button-text\">GO TO COURSE<\/span>\n\t\t\t\t\t<\/span>\n\t\t\t\t\t<\/a>\n\t\t\t\t<\/div>\n\t\t\t\t\t\t\t\t<\/div>\n\t\t\t\t<\/div>\n\t\t\t\t\t<\/div>\n\t\t<\/div>\n\t\t\t\t<div class=\"elementor-column elementor-col-33 elementor-inner-column elementor-element elementor-element-1b62d14\" data-id=\"1b62d14\" data-element_type=\"column\" data-e-type=\"column\" data-settings=\"{&quot;background_background&quot;:&quot;gradient&quot;}\">\n\t\t\t<div class=\"elementor-widget-wrap elementor-element-populated\">\n\t\t\t\t\t\t<div class=\"elementor-element elementor-element-121ee60 elementor-view-default elementor-widget elementor-widget-icon\" data-id=\"121ee60\" data-element_type=\"widget\" data-e-type=\"widget\" data-widget_type=\"icon.default\">\n\t\t\t\t<div class=\"elementor-widget-container\">\n\t\t\t\t\t\t\t<div class=\"elementor-icon-wrapper\">\n\t\t\t<div class=\"elementor-icon\">\n\t\t\t<i aria-hidden=\"true\" class=\"fas fa-star\"><\/i>\t\t\t<\/div>\n\t\t<\/div>\n\t\t\t\t\t\t<\/div>\n\t\t\t\t<\/div>\n\t\t\t\t<div class=\"elementor-element elementor-element-66b5f4d elementor-widget elementor-widget-heading\" data-id=\"66b5f4d\" data-element_type=\"widget\" data-e-type=\"widget\" data-widget_type=\"heading.default\">\n\t\t\t\t<div class=\"elementor-widget-container\">\n\t\t\t\t\t<h2 class=\"elementor-heading-title elementor-size-default\">TRAINING COURSE<\/h2>\t\t\t\t<\/div>\n\t\t\t\t<\/div>\n\t\t\t\t<div class=\"elementor-element elementor-element-723e4e0 elementor-widget elementor-widget-heading\" data-id=\"723e4e0\" data-element_type=\"widget\" data-e-type=\"widget\" data-widget_type=\"heading.default\">\n\t\t\t\t<div class=\"elementor-widget-container\">\n\t\t\t\t\t<h2 class=\"elementor-heading-title elementor-size-default\">MARKETPLACE MANAGER ADVANCED<\/h2>\t\t\t\t<\/div>\n\t\t\t\t<\/div>\n\t\t\t\t<div class=\"elementor-element elementor-element-144e7a0 elementor-widget elementor-widget-text-editor\" data-id=\"144e7a0\" data-element_type=\"widget\" data-e-type=\"widget\" data-widget_type=\"text-editor.default\">\n\t\t\t\t<div class=\"elementor-widget-container\">\n\t\t\t\t\t\t\t\t\t<p>Learn in 4 months how to take your marketplace business to the next level! Our 4-month training for advanced marketplace managers of fashion, sports and lifestyle brands.<\/p>\t\t\t\t\t\t\t\t<\/div>\n\t\t\t\t<\/div>\n\t\t\t\t<div class=\"elementor-element elementor-element-6375280 elementor-align-center elementor-widget elementor-widget-button\" data-id=\"6375280\" data-element_type=\"widget\" data-e-type=\"widget\" data-widget_type=\"button.default\">\n\t\t\t\t<div class=\"elementor-widget-container\">\n\t\t\t\t\t\t\t\t\t<div class=\"elementor-button-wrapper\">\n\t\t\t\t\t<a class=\"elementor-button elementor-button-link elementor-size-xs\" href=\"https:\/\/marketplace-uni.com\/en\/marketplace-manager-advanced\/\">\n\t\t\t\t\t\t<span class=\"elementor-button-content-wrapper\">\n\t\t\t\t\t\t\t\t\t<span class=\"elementor-button-text\">GO TO COURSE<\/span>\n\t\t\t\t\t<\/span>\n\t\t\t\t\t<\/a>\n\t\t\t\t<\/div>\n\t\t\t\t\t\t\t\t<\/div>\n\t\t\t\t<\/div>\n\t\t\t\t\t<\/div>\n\t\t<\/div>\n\t\t\t\t<div class=\"elementor-column elementor-col-33 elementor-inner-column elementor-element elementor-element-bfe50f3\" data-id=\"bfe50f3\" data-element_type=\"column\" data-e-type=\"column\" data-settings=\"{&quot;background_background&quot;:&quot;gradient&quot;}\">\n\t\t\t<div class=\"elementor-widget-wrap elementor-element-populated\">\n\t\t\t\t\t\t<div class=\"elementor-element elementor-element-f80e353 elementor-view-default elementor-widget elementor-widget-icon\" data-id=\"f80e353\" data-element_type=\"widget\" data-e-type=\"widget\" data-widget_type=\"icon.default\">\n\t\t\t\t<div class=\"elementor-widget-container\">\n\t\t\t\t\t\t\t<div class=\"elementor-icon-wrapper\">\n\t\t\t<div class=\"elementor-icon\">\n\t\t\t<i aria-hidden=\"true\" class=\"fas fa-business-time\"><\/i>\t\t\t<\/div>\n\t\t<\/div>\n\t\t\t\t\t\t<\/div>\n\t\t\t\t<\/div>\n\t\t\t\t<div class=\"elementor-element elementor-element-2fe490d elementor-widget elementor-widget-heading\" data-id=\"2fe490d\" data-element_type=\"widget\" data-e-type=\"widget\" data-widget_type=\"heading.default\">\n\t\t\t\t<div class=\"elementor-widget-container\">\n\t\t\t\t\t<h2 class=\"elementor-heading-title elementor-size-default\">WORKSHOP<\/h2>\t\t\t\t<\/div>\n\t\t\t\t<\/div>\n\t\t\t\t<div class=\"elementor-element elementor-element-4048792 elementor-widget elementor-widget-heading\" data-id=\"4048792\" data-element_type=\"widget\" data-e-type=\"widget\" data-widget_type=\"heading.default\">\n\t\t\t\t<div class=\"elementor-widget-container\">\n\t\t\t\t\t<h2 class=\"elementor-heading-title elementor-size-default\">MARKETPLACE EXECUTIVE BOOTCAMP<\/h2>\t\t\t\t<\/div>\n\t\t\t\t<\/div>\n\t\t\t\t<div class=\"elementor-element elementor-element-d709217 elementor-widget elementor-widget-text-editor\" data-id=\"d709217\" data-element_type=\"widget\" data-e-type=\"widget\" data-widget_type=\"text-editor.default\">\n\t\t\t\t<div class=\"elementor-widget-container\">\n\t\t\t\t\t\t\t\t\t<p>Get all the important insights about online marketplaces in half a day. This way you can make the best possible decisions for your brand in the fashion and sports sector.<\/p>\t\t\t\t\t\t\t\t<\/div>\n\t\t\t\t<\/div>\n\t\t\t\t<div class=\"elementor-element elementor-element-35bb4d4 elementor-align-center elementor-widget elementor-widget-button\" data-id=\"35bb4d4\" data-element_type=\"widget\" data-e-type=\"widget\" data-widget_type=\"button.default\">\n\t\t\t\t<div class=\"elementor-widget-container\">\n\t\t\t\t\t\t\t\t\t<div class=\"elementor-button-wrapper\">\n\t\t\t\t\t<a class=\"elementor-button elementor-button-link elementor-size-xs\" href=\"https:\/\/marketplace-uni.com\/en\/marketplace-executive-bootcamp\/\">\n\t\t\t\t\t\t<span class=\"elementor-button-content-wrapper\">\n\t\t\t\t\t\t\t\t\t<span class=\"elementor-button-text\">GO TO WORKSHOP<\/span>\n\t\t\t\t\t<\/span>\n\t\t\t\t\t<\/a>\n\t\t\t\t<\/div>\n\t\t\t\t\t\t\t\t<\/div>\n\t\t\t\t<\/div>\n\t\t\t\t\t<\/div>\n\t\t<\/div>\n\t\t\t\t\t<\/div>\n\t\t<\/section>\n\t\t\t\t\t<\/div>\n\t\t<\/div>\n\t\t\t\t\t<\/div>\n\t\t<\/section>\n\t\t\t\t<\/div>","protected":false},"excerpt":{"rendered":"<p>MARKETPLACE KURSE F\u00dcR BRANDS UND HERSTELLER &#9733;&#9733;&#9733;&#9733;&#9733; 5\/5 TRAININGSKURS MARKETPLACE MANAGER Entwickle deine Marktplatzstrategie und lerne, wie du am besten \u00fcber Online Marktpl\u00e4tze verkaufen kannst. Unser 2-monatiges Training f\u00fcr Mode- und Sportmarken, die ins Marktplatz Business starten. ZUM KURS TRAININGSKURS MARKETPLACE MANAGER ADVANCED Lerne in 4 Monaten wie du dein Marktplatzbusiness aufs n\u00e4chste Level bringen [&hellip;]<\/p>\n","protected":false},"author":1,"featured_media":1920,"parent":0,"menu_order":0,"comment_status":"closed","ping_status":"closed","template":"","meta":{"site-sidebar-layout":"no-sidebar","site-content-layout":"page-builder","ast-site-content-layout":"default","site-content-style":"default","site-sidebar-style":"default","ast-global-header-display":"","ast-banner-title-visibility":"","ast-main-header-display":"","ast-hfb-above-header-display":"","ast-hfb-below-header-display":"","ast-hfb-mobile-header-display":"","site-post-title":"disabled","ast-breadcrumbs-content":"","ast-featured-img":"disabled","footer-sml-layout":"","ast-disable-related-posts":"","theme-transparent-header-meta":"default","adv-header-id-meta":"","stick-header-meta":"","header-above-stick-meta":"","header-main-stick-meta":"","header-below-stick-meta":"","astra-migrate-meta-layouts":"default","ast-page-background-enabled":"default","ast-page-background-meta":{"desktop":{"background-color":"","background-image":"","background-repeat":"repeat","background-position":"center center","background-size":"auto","background-attachment":"scroll","background-type":"","background-media":"","overlay-type":"","overlay-color":"","overlay-opacity":"","overlay-gradient":""},"tablet":{"background-color":"","background-image":"","background-repeat":"repeat","background-position":"center center","background-size":"auto","background-attachment":"scroll","background-type":"","background-media":"","overlay-type":"","overlay-color":"","overlay-opacity":"","overlay-gradient":""},"mobile":{"background-color":"","background-image":"","background-repeat":"repeat","background-position":"center center","background-size":"auto","background-attachment":"scroll","background-type":"","background-media":"","overlay-type":"","overlay-color":"","overlay-opacity":"","overlay-gradient":""}},"ast-content-background-meta":{"desktop":{"background-color":"var(--ast-global-color-5)","background-image":"","background-repeat":"repeat","background-position":"center center","background-size":"auto","background-attachment":"scroll","background-type":"","background-media":"","overlay-type":"","overlay-color":"","overlay-opacity":"","overlay-gradient":""},"tablet":{"background-color":"var(--ast-global-color-5)","background-image":"","background-repeat":"repeat","background-position":"center center","background-size":"auto","background-attachment":"scroll","background-type":"","background-media":"","overlay-type":"","overlay-color":"","overlay-opacity":"","overlay-gradient":""},"mobile":{"background-color":"var(--ast-global-color-5)","background-image":"","background-repeat":"repeat","background-position":"center center","background-size":"auto","background-attachment":"scroll","background-type":"","background-media":"","overlay-type":"","overlay-color":"","overlay-opacity":"","overlay-gradient":""}},"footnotes":""},"class_list":["post-1380","page","type-page","status-publish","has-post-thumbnail","hentry"],"yoast_head":"<!-- This site is optimized with the Yoast SEO plugin v27.3 - https:\/\/yoast.com\/product\/yoast-seo-wordpress\/ -->\n<title>Marketplace Uni: Kurse f\u00fcr Brands &amp; Hersteller<\/title>\n<meta name=\"description\" content=\"Schreib dich jetzt f\u00fcr unsere Kurse f\u00fcr Brands und Hersteller ein und erhalte exklusives Marktplatz-Wissen, das so am Markt nicht verf\u00fcgbar ...\" \/>\n<meta name=\"robots\" content=\"index, follow, max-snippet:-1, max-image-preview:large, max-video-preview:-1\" \/>\n<link rel=\"canonical\" href=\"https:\/\/marketplace-uni.com\/en\/courses\/\" \/>\n<meta property=\"og:locale\" content=\"en_GB\" \/>\n<meta property=\"og:type\" content=\"article\" \/>\n<meta property=\"og:title\" content=\"Programme der Marketplace Uni\" \/>\n<meta property=\"og:description\" content=\"Schreib dich jetzt f\u00fcr eines unserer Marketplace Manager Trainingsprogramme ein und erhalte Marketplace-Wissen, das so am Markt noch nicht ...\" \/>\n<meta property=\"og:url\" content=\"https:\/\/marketplace-uni.com\/en\/courses\/\" \/>\n<meta property=\"og:site_name\" content=\"Marketplace Manager Training\" \/>\n<meta property=\"article:modified_time\" content=\"2022-07-05T14:35:24+00:00\" \/>\n<meta property=\"og:image\" content=\"https:\/\/marketplace-uni.com\/wp-content\/uploads\/2021\/03\/Marketplace-Uni_Marketplace-Manager-Programme.jpg\" \/>\n\t<meta property=\"og:image:width\" content=\"800\" \/>\n\t<meta property=\"og:image:height\" content=\"495\" \/>\n\t<meta property=\"og:image:type\" content=\"image\/jpeg\" \/>\n<meta name=\"twitter:card\" content=\"summary_large_image\" \/>\n<meta name=\"twitter:title\" content=\"Programme der Marketplace Uni\" \/>\n<meta name=\"twitter:description\" content=\"Schreib dich jetzt f\u00fcr eines unserer Marketplace Manager Trainingsprogramme ein und erhalte Marketplace-Wissen, das so am Markt noch nicht ...\" \/>\n<meta name=\"twitter:image\" content=\"https:\/\/marketplace-uni.com\/wp-content\/uploads\/2021\/03\/Marketplace-Uni_Marketplace-Manager-Programme.jpg\" \/>\n<meta name=\"twitter:label1\" content=\"Estimated reading time\" \/>\n\t<meta name=\"twitter:data1\" content=\"1 minute\" \/>\n<script type=\"application\/ld+json\" class=\"yoast-schema-graph\">{\"@context\":\"https:\\\/\\\/schema.org\",\"@graph\":[{\"@type\":\"WebPage\",\"@id\":\"https:\\\/\\\/marketplace-uni.com\\\/programme\\\/\",\"url\":\"https:\\\/\\\/marketplace-uni.com\\\/programme\\\/\",\"name\":\"Marketplace Uni: Kurse f\u00fcr Brands & Hersteller\",\"isPartOf\":{\"@id\":\"https:\\\/\\\/marketplace-uni.com\\\/#website\"},\"primaryImageOfPage\":{\"@id\":\"https:\\\/\\\/marketplace-uni.com\\\/programme\\\/#primaryimage\"},\"image\":{\"@id\":\"https:\\\/\\\/marketplace-uni.com\\\/programme\\\/#primaryimage\"},\"thumbnailUrl\":\"https:\\\/\\\/marketplace-uni.com\\\/wp-content\\\/uploads\\\/2021\\\/03\\\/Marketplace-Uni_Marketplace-Manager-Programme.jpg\",\"datePublished\":\"2021-03-09T09:49:07+00:00\",\"dateModified\":\"2022-07-05T14:35:24+00:00\",\"description\":\"Schreib dich jetzt f\u00fcr unsere Kurse f\u00fcr Brands und Hersteller ein und erhalte exklusives Marktplatz-Wissen, das so am Markt nicht verf\u00fcgbar ...\",\"breadcrumb\":{\"@id\":\"https:\\\/\\\/marketplace-uni.com\\\/programme\\\/#breadcrumb\"},\"inLanguage\":\"en-GB\",\"potentialAction\":[{\"@type\":\"ReadAction\",\"target\":[\"https:\\\/\\\/marketplace-uni.com\\\/programme\\\/\"]}]},{\"@type\":\"ImageObject\",\"inLanguage\":\"en-GB\",\"@id\":\"https:\\\/\\\/marketplace-uni.com\\\/programme\\\/#primaryimage\",\"url\":\"https:\\\/\\\/marketplace-uni.com\\\/wp-content\\\/uploads\\\/2021\\\/03\\\/Marketplace-Uni_Marketplace-Manager-Programme.jpg\",\"contentUrl\":\"https:\\\/\\\/marketplace-uni.com\\\/wp-content\\\/uploads\\\/2021\\\/03\\\/Marketplace-Uni_Marketplace-Manager-Programme.jpg\",\"width\":800,\"height\":495,\"caption\":\"Marketplace Uni_Marketplace Manager Programme\"},{\"@type\":\"BreadcrumbList\",\"@id\":\"https:\\\/\\\/marketplace-uni.com\\\/programme\\\/#breadcrumb\",\"itemListElement\":[{\"@type\":\"ListItem\",\"position\":1,\"name\":\"Startseite\",\"item\":\"https:\\\/\\\/marketplace-uni.com\\\/\"},{\"@type\":\"ListItem\",\"position\":2,\"name\":\"Programme\"}]},{\"@type\":\"WebSite\",\"@id\":\"https:\\\/\\\/marketplace-uni.com\\\/#website\",\"url\":\"https:\\\/\\\/marketplace-uni.com\\\/\",\"name\":\"Marketplace Manager Training\",\"description\":\"Marketplace Uni\",\"publisher\":{\"@id\":\"https:\\\/\\\/marketplace-uni.com\\\/#organization\"},\"potentialAction\":[{\"@type\":\"SearchAction\",\"target\":{\"@type\":\"EntryPoint\",\"urlTemplate\":\"https:\\\/\\\/marketplace-uni.com\\\/?s={search_term_string}\"},\"query-input\":{\"@type\":\"PropertyValueSpecification\",\"valueRequired\":true,\"valueName\":\"search_term_string\"}}],\"inLanguage\":\"en-GB\"},{\"@type\":\"Organization\",\"@id\":\"https:\\\/\\\/marketplace-uni.com\\\/#organization\",\"name\":\"Marketplace Uni\",\"url\":\"https:\\\/\\\/marketplace-uni.com\\\/\",\"logo\":{\"@type\":\"ImageObject\",\"inLanguage\":\"en-GB\",\"@id\":\"https:\\\/\\\/marketplace-uni.com\\\/#\\\/schema\\\/logo\\\/image\\\/\",\"url\":\"https:\\\/\\\/marketplace-uni.com\\\/wp-content\\\/uploads\\\/2020\\\/12\\\/Marketplace-Uni_Big-1.svg\",\"contentUrl\":\"https:\\\/\\\/marketplace-uni.com\\\/wp-content\\\/uploads\\\/2020\\\/12\\\/Marketplace-Uni_Big-1.svg\",\"width\":1081,\"height\":360,\"caption\":\"Marketplace Uni\"},\"image\":{\"@id\":\"https:\\\/\\\/marketplace-uni.com\\\/#\\\/schema\\\/logo\\\/image\\\/\"},\"sameAs\":[\"https:\\\/\\\/www.linkedin.com\\\/in\\\/valerie-dichtl\\\/\"]}]}<\/script>\n<!-- \/ Yoast SEO plugin. -->","yoast_head_json":{"title":"Marketplace Uni: Courses for Brands &amp; Manufacturers","description":"Sign up now for our courses for brands and manufacturers and get exclusive marketplace knowledge that is not available on the ...","robots":{"index":"index","follow":"follow","max-snippet":"max-snippet:-1","max-image-preview":"max-image-preview:large","max-video-preview":"max-video-preview:-1"},"canonical":"https:\/\/marketplace-uni.com\/en\/courses\/","og_locale":"en_GB","og_type":"article","og_title":"Programme der Marketplace Uni","og_description":"Schreib dich jetzt f\u00fcr eines unserer Marketplace Manager Trainingsprogramme ein und erhalte Marketplace-Wissen, das so am Markt noch nicht ...","og_url":"https:\/\/marketplace-uni.com\/en\/courses\/","og_site_name":"Marketplace Manager Training","article_modified_time":"2022-07-05T14:35:24+00:00","og_image":[{"width":800,"height":495,"url":"https:\/\/marketplace-uni.com\/wp-content\/uploads\/2021\/03\/Marketplace-Uni_Marketplace-Manager-Programme.jpg","type":"image\/jpeg"}],"twitter_card":"summary_large_image","twitter_title":"Programme der Marketplace Uni","twitter_description":"Schreib dich jetzt f\u00fcr eines unserer Marketplace Manager Trainingsprogramme ein und erhalte Marketplace-Wissen, das so am Markt noch nicht ...","twitter_image":"https:\/\/marketplace-uni.com\/wp-content\/uploads\/2021\/03\/Marketplace-Uni_Marketplace-Manager-Programme.jpg","twitter_misc":{"Estimated reading time":"1 minute"},"schema":{"@context":"https:\/\/schema.org","@graph":[{"@type":"WebPage","@id":"https:\/\/marketplace-uni.com\/programme\/","url":"https:\/\/marketplace-uni.com\/programme\/","name":"Marketplace Uni: Courses for Brands &amp; Manufacturers","isPartOf":{"@id":"https:\/\/marketplace-uni.com\/#website"},"primaryImageOfPage":{"@id":"https:\/\/marketplace-uni.com\/programme\/#primaryimage"},"image":{"@id":"https:\/\/marketplace-uni.com\/programme\/#primaryimage"},"thumbnailUrl":"https:\/\/marketplace-uni.com\/wp-content\/uploads\/2021\/03\/Marketplace-Uni_Marketplace-Manager-Programme.jpg","datePublished":"2021-03-09T09:49:07+00:00","dateModified":"2022-07-05T14:35:24+00:00","description":"Sign up now for our courses for brands and manufacturers and get exclusive marketplace knowledge that is not available on the ...","breadcrumb":{"@id":"https:\/\/marketplace-uni.com\/programme\/#breadcrumb"},"inLanguage":"en-GB","potentialAction":[{"@type":"ReadAction","target":["https:\/\/marketplace-uni.com\/programme\/"]}]},{"@type":"ImageObject","inLanguage":"en-GB","@id":"https:\/\/marketplace-uni.com\/programme\/#primaryimage","url":"https:\/\/marketplace-uni.com\/wp-content\/uploads\/2021\/03\/Marketplace-Uni_Marketplace-Manager-Programme.jpg","contentUrl":"https:\/\/marketplace-uni.com\/wp-content\/uploads\/2021\/03\/Marketplace-Uni_Marketplace-Manager-Programme.jpg","width":800,"height":495,"caption":"Marketplace Uni_Marketplace Manager Programme"},{"@type":"BreadcrumbList","@id":"https:\/\/marketplace-uni.com\/programme\/#breadcrumb","itemListElement":[{"@type":"ListItem","position":1,"name":"Startseite","item":"https:\/\/marketplace-uni.com\/"},{"@type":"ListItem","position":2,"name":"Programme"}]},{"@type":"WebSite","@id":"https:\/\/marketplace-uni.com\/#website","url":"https:\/\/marketplace-uni.com\/","name":"Marketplace Manager Training","description":"Marketplace Uni","publisher":{"@id":"https:\/\/marketplace-uni.com\/#organization"},"potentialAction":[{"@type":"SearchAction","target":{"@type":"EntryPoint","urlTemplate":"https:\/\/marketplace-uni.com\/?s={search_term_string}"},"query-input":{"@type":"PropertyValueSpecification","valueRequired":true,"valueName":"search_term_string"}}],"inLanguage":"en-GB"},{"@type":"Organization","@id":"https:\/\/marketplace-uni.com\/#organization","name":"Marketplace Uni","url":"https:\/\/marketplace-uni.com\/","logo":{"@type":"ImageObject","inLanguage":"en-GB","@id":"https:\/\/marketplace-uni.com\/#\/schema\/logo\/image\/","url":"https:\/\/marketplace-uni.com\/wp-content\/uploads\/2020\/12\/Marketplace-Uni_Big-1.svg","contentUrl":"https:\/\/marketplace-uni.com\/wp-content\/uploads\/2020\/12\/Marketplace-Uni_Big-1.svg","width":1081,"height":360,"caption":"Marketplace Uni"},"image":{"@id":"https:\/\/marketplace-uni.com\/#\/schema\/logo\/image\/"},"sameAs":["https:\/\/www.linkedin.com\/in\/valerie-dichtl\/"]}]}},"_links":{"self":[{"href":"https:\/\/marketplace-uni.com\/en\/wp-json\/wp\/v2\/pages\/1380","targetHints":{"allow":["GET"]}}],"collection":[{"href":"https:\/\/marketplace-uni.com\/en\/wp-json\/wp\/v2\/pages"}],"about":[{"href":"https:\/\/marketplace-uni.com\/en\/wp-json\/wp\/v2\/types\/page"}],"author":[{"embeddable":true,"href":"https:\/\/marketplace-uni.com\/en\/wp-json\/wp\/v2\/users\/1"}],"replies":[{"embeddable":true,"href":"https:\/\/marketplace-uni.com\/en\/wp-json\/wp\/v2\/comments?post=1380"}],"version-history":[{"count":10,"href":"https:\/\/marketplace-uni.com\/en\/wp-json\/wp\/v2\/pages\/1380\/revisions"}],"predecessor-version":[{"id":5473,"href":"https:\/\/marketplace-uni.com\/en\/wp-json\/wp\/v2\/pages\/1380\/revisions\/5473"}],"wp:featuredmedia":[{"embeddable":true,"href":"https:\/\/marketplace-uni.com\/en\/wp-json\/wp\/v2\/media\/1920"}],"wp:attachment":[{"href":"https:\/\/marketplace-uni.com\/en\/wp-json\/wp\/v2\/media?parent=1380"}],"curies":[{"name":"wp","href":"https:\/\/api.w.org\/{rel}","templated":true}]}}